{"id":444,"date":"2023-06-22T08:53:00","date_gmt":"2023-06-22T06:53:00","guid":{"rendered":"https:\/\/fastllama.pl\/klient\/ibfm\/?page_id=444"},"modified":"2023-06-22T08:53:42","modified_gmt":"2023-06-22T06:53:42","slug":"history","status":"publish","type":"page","link":"https:\/\/fastllama.pl\/klient\/ibfm\/about-us\/history\/","title":{"rendered":"History"},"content":{"rendered":"\t\t<div data-elementor-type=\"wp-page\" data-elementor-id=\"444\" class=\"elementor elementor-444\">\n\t\t\t\t\t\t\t\t\t<section class=\"elementor-section elementor-top-section elementor-element elementor-element-979c9af elementor-section-boxed elementor-section-height-default elementor-section-height-default\" data-id=\"979c9af\" data-element_type=\"section\">\n\t\t\t\t\t\t<div class=\"elementor-container elementor-column-gap-default\">\n\t\t\t\t\t<div class=\"elementor-column elementor-col-100 elementor-top-column elementor-element elementor-element-9fb5936\" data-id=\"9fb5936\" data-element_type=\"column\">\n\t\t\t<div class=\"elementor-widget-wrap elementor-element-populated\">\n\t\t\t\t\t\t\t\t<div class=\"elementor-element elementor-element-3e9b1e1 elementor-widget elementor-widget-heading\" data-id=\"3e9b1e1\" data-element_type=\"widget\" data-widget_type=\"heading.default\">\n\t\t\t\t<div class=\"elementor-widget-container\">\n\t\t\t<style>\/*! elementor - v3.12.0 - 29-03-2023 *\/\n.elementor-heading-title{padding:0;margin:0;line-height:1}.elementor-widget-heading .elementor-heading-title[class*=elementor-size-]>a{color:inherit;font-size:inherit;line-height:inherit}.elementor-widget-heading .elementor-heading-title.elementor-size-small{font-size:15px}.elementor-widget-heading .elementor-heading-title.elementor-size-medium{font-size:19px}.elementor-widget-heading .elementor-heading-title.elementor-size-large{font-size:29px}.elementor-widget-heading .elementor-heading-title.elementor-size-xl{font-size:39px}.elementor-widget-heading .elementor-heading-title.elementor-size-xxl{font-size:59px}<\/style><h2 class=\"elementor-heading-title elementor-size-default\">During the last decades, an increasing number of children and adolescents diagnosed with leukemia and lymphoma was systematically enrolled into national and international multicentre clinical trials.<\/h2>\t\t<\/div>\n\t\t\t\t<\/div>\n\t\t\t\t\t<\/div>\n\t\t<\/div>\n\t\t\t\t\t\t\t<\/div>\n\t\t<\/section>\n\t\t\t\t<section class=\"elementor-section elementor-top-section elementor-element elementor-element-fda7f8c elementor-section-boxed elementor-section-height-default elementor-section-height-default\" data-id=\"fda7f8c\" data-element_type=\"section\">\n\t\t\t\t\t\t<div class=\"elementor-container elementor-column-gap-default\">\n\t\t\t\t\t<div class=\"elementor-column elementor-col-100 elementor-top-column elementor-element elementor-element-dc024d8\" data-id=\"dc024d8\" data-element_type=\"column\">\n\t\t\t<div class=\"elementor-widget-wrap elementor-element-populated\">\n\t\t\t\t\t\t\t\t<div class=\"elementor-element elementor-element-1f29802 elementor-widget elementor-widget-text-editor\" data-id=\"1f29802\" data-element_type=\"widget\" data-widget_type=\"text-editor.default\">\n\t\t\t\t<div class=\"elementor-widget-container\">\n\t\t\t<style>\/*! elementor - v3.12.0 - 29-03-2023 *\/\n.elementor-widget-text-editor.elementor-drop-cap-view-stacked .elementor-drop-cap{background-color:#69727d;color:#fff}.elementor-widget-text-editor.elementor-drop-cap-view-framed .elementor-drop-cap{color:#69727d;border:3px solid;background-color:transparent}.elementor-widget-text-editor:not(.elementor-drop-cap-view-default) .elementor-drop-cap{margin-top:8px}.elementor-widget-text-editor:not(.elementor-drop-cap-view-default) .elementor-drop-cap-letter{width:1em;height:1em}.elementor-widget-text-editor .elementor-drop-cap{float:left;text-align:center;line-height:1;font-size:50px}.elementor-widget-text-editor .elementor-drop-cap-letter{display:inline-block}<\/style>\t\t\t\t<p>The <strong>BFM study group<\/strong> was founded in 1975 in Germany, when Hansj\u00f6rg Riehm in Berlin (B), Bernhard Kornhuber in Frankfurt (F) and G\u00fcnther Schellong in M\u00fcnster (M) initiated the first multicentre BFM trial. The BFM treatment concept \u2013 based on a very intensive chemotherapeutic approach employing eight different drugs \u2013 led to a revolutionary increase in survival of children and adolescents with acute lymphoblastic leukemia (ALL). Since that time, the so-called \u201cBFM treatment backbone\u201d remained an essential component of many pediatric and adult protocols for the treatment of ALL. This unified approach was adopted by an ever-growing number of national study groups worldwide, and led to successful collaborative developments of the therapy.<\/p><p>\u00a0<\/p><p>Today, many of these cooperative study groups work together to further improve the existing treatments for leukemia and lymphoma under the umbrella of the I-BFM study group. Created in 1987 as a \u201cfamily get together\u201d of the national ALL study groups of Austria (BFM), France\/Belgium (EORTC-CLG), Germany (BFM), Italy (AIEOP) and The Netherlands (DCLSG), I-BFM aimed to compare treatment modalities in childhood ALL in a workshop atmosphere, and to develop common standards for diagnosis and treatment. Since then, the study group gathers every year to discuss ongoing studies general issues, as well as the development of collaborative clinical and laboratory projects related to all types of leukemia and lymphoma.<\/p><p>\u00a0<\/p><p>I-BFM has become over the years an <strong>important international platform<\/strong> for the promotion of research and clinical care for children and adolescents with leukemia and lymphoma. The inclusive group represents the ideal forum where researchers with a keen interest in the field can share proposals and find expressions of interest and participation. Today, an increasing number of groups is requesting to become a member of I-BFM, which currently reunites 28 study groups from 37 countries.<\/p><p>Together with the other European-based study groups on pediatric malignancies, I-BFM is part of the Clinical Research Council of the European Society for Paediatric Oncology (SIOP Europe or SIOPE) \u2013 the pan-European organisation representing all professionals working in the field of childhood cancers \u2013 and endorses the objectives of the \u2018SIOPE Strategic Plan SIOPE Strategic Plan \u2013 A European Cancer Plan for Children and Adolescents\u2019 for the next ten years.<\/p>\t\t\t\t\t\t<\/div>\n\t\t\t\t<\/div>\n\t\t\t\t\t<\/div>\n\t\t<\/div>\n\t\t\t\t\t\t\t<\/div>\n\t\t<\/section>\n\t\t\t\t\t\t\t<\/div>\n\t\t","protected":false},"excerpt":{"rendered":"<p>During the last decades, an increasing number of children and adolescents diagnosed with leukemia and lymphoma was systematically enrolled into national and international multicentre clinical trials. The BFM study group was founded in 1975 in Germany, when Hansj\u00f6rg Riehm in Berlin (B), Bernhard Kornhuber in Frankfurt (F) and G\u00fcnther Schellong in M\u00fcnster (M) initiated the [&hellip;]<\/p>\n","protected":false},"author":1,"featured_media":0,"parent":42,"menu_order":0,"comment_status":"closed","ping_status":"closed","template":"","meta":{"footnotes":""},"class_list":["post-444","page","type-page","status-publish","hentry"],"_links":{"self":[{"href":"https:\/\/fastllama.pl\/klient\/ibfm\/wp-json\/wp\/v2\/pages\/444","targetHints":{"allow":["GET"]}}],"collection":[{"href":"https:\/\/fastllama.pl\/klient\/ibfm\/wp-json\/wp\/v2\/pages"}],"about":[{"href":"https:\/\/fastllama.pl\/klient\/ibfm\/wp-json\/wp\/v2\/types\/page"}],"author":[{"embeddable":true,"href":"https:\/\/fastllama.pl\/klient\/ibfm\/wp-json\/wp\/v2\/users\/1"}],"replies":[{"embeddable":true,"href":"https:\/\/fastllama.pl\/klient\/ibfm\/wp-json\/wp\/v2\/comments?post=444"}],"version-history":[{"count":4,"href":"https:\/\/fastllama.pl\/klient\/ibfm\/wp-json\/wp\/v2\/pages\/444\/revisions"}],"predecessor-version":[{"id":448,"href":"https:\/\/fastllama.pl\/klient\/ibfm\/wp-json\/wp\/v2\/pages\/444\/revisions\/448"}],"up":[{"embeddable":true,"href":"https:\/\/fastllama.pl\/klient\/ibfm\/wp-json\/wp\/v2\/pages\/42"}],"wp:attachment":[{"href":"https:\/\/fastllama.pl\/klient\/ibfm\/wp-json\/wp\/v2\/media?parent=444"}],"curies":[{"name":"wp","href":"https:\/\/api.w.org\/{rel}","templated":true}]}}