{"id":274,"date":"2023-06-07T02:05:17","date_gmt":"2023-06-07T00:05:17","guid":{"rendered":"https:\/\/fastllama.pl\/klient\/ibfm\/?page_id=274"},"modified":"2023-06-28T08:28:25","modified_gmt":"2023-06-28T06:28:25","slug":"biology-and-diagnosis-committee-bd","status":"publish","type":"page","link":"https:\/\/fastllama.pl\/klient\/ibfm\/structure\/committees\/biology-and-diagnosis-committee-bd\/","title":{"rendered":"Biology and Diagnosis Committee\u00a0(B&amp;D)"},"content":{"rendered":"\t\t<div data-elementor-type=\"wp-page\" data-elementor-id=\"274\" class=\"elementor elementor-274\">\n\t\t\t\t\t\t\t\t\t<section class=\"elementor-section elementor-top-section elementor-element elementor-element-ff5b41d elementor-section-boxed elementor-section-height-default elementor-section-height-default\" data-id=\"ff5b41d\" data-element_type=\"section\">\n\t\t\t\t\t\t<div class=\"elementor-container elementor-column-gap-default\">\n\t\t\t\t\t<div class=\"elementor-column elementor-col-66 elementor-top-column elementor-element elementor-element-2d5cc93\" data-id=\"2d5cc93\" data-element_type=\"column\">\n\t\t\t<div class=\"elementor-widget-wrap elementor-element-populated\">\n\t\t\t\t\t\t\t\t<div class=\"elementor-element elementor-element-130651e elementor-widget elementor-widget-text-editor\" data-id=\"130651e\" data-element_type=\"widget\" data-widget_type=\"text-editor.default\">\n\t\t\t\t<div class=\"elementor-widget-container\">\n\t\t\t<style>\/*! elementor - v3.12.0 - 29-03-2023 *\/\n.elementor-widget-text-editor.elementor-drop-cap-view-stacked .elementor-drop-cap{background-color:#69727d;color:#fff}.elementor-widget-text-editor.elementor-drop-cap-view-framed .elementor-drop-cap{color:#69727d;border:3px solid;background-color:transparent}.elementor-widget-text-editor:not(.elementor-drop-cap-view-default) .elementor-drop-cap{margin-top:8px}.elementor-widget-text-editor:not(.elementor-drop-cap-view-default) .elementor-drop-cap-letter{width:1em;height:1em}.elementor-widget-text-editor .elementor-drop-cap{float:left;text-align:center;line-height:1;font-size:50px}.elementor-widget-text-editor .elementor-drop-cap-letter{display:inline-block}<\/style>\t\t\t\t<p><strong>BIOLOGY AND DIAGNOSIS COMMITTEE (B&amp;D)<\/strong><\/p><p><strong>Committee chair<\/strong><\/p><p>Christine Harrison, Newcastle University, UK<\/p>\t\t\t\t\t\t<\/div>\n\t\t\t\t<\/div>\n\t\t\t\t\t<\/div>\n\t\t<\/div>\n\t\t\t\t<div class=\"elementor-column elementor-col-33 elementor-top-column elementor-element elementor-element-8d32e60\" data-id=\"8d32e60\" data-element_type=\"column\">\n\t\t\t<div class=\"elementor-widget-wrap elementor-element-populated\">\n\t\t\t\t\t\t\t\t<div class=\"elementor-element elementor-element-17ee49f elementor-widget elementor-widget-image\" data-id=\"17ee49f\" data-element_type=\"widget\" data-widget_type=\"image.default\">\n\t\t\t\t<div class=\"elementor-widget-container\">\n\t\t\t<style>\/*! elementor - v3.12.0 - 29-03-2023 *\/\n.elementor-widget-image{text-align:center}.elementor-widget-image a{display:inline-block}.elementor-widget-image a img[src$=\".svg\"]{width:48px}.elementor-widget-image img{vertical-align:middle;display:inline-block}<\/style>\t\t\t\t\t\t\t\t\t\t\t\t<img loading=\"lazy\" decoding=\"async\" width=\"215\" height=\"323\" src=\"https:\/\/fastllama.pl\/klient\/ibfm\/wp-content\/uploads\/2023\/06\/image4-1.jpeg\" class=\"attachment-large size-large wp-image-519\" alt=\"\" srcset=\"https:\/\/fastllama.pl\/klient\/ibfm\/wp-content\/uploads\/2023\/06\/image4-1.jpeg 215w, https:\/\/fastllama.pl\/klient\/ibfm\/wp-content\/uploads\/2023\/06\/image4-1-200x300.jpeg 200w\" sizes=\"auto, (max-width: 215px) 100vw, 215px\" \/>\t\t\t\t\t\t\t\t\t\t\t\t\t\t\t<\/div>\n\t\t\t\t<\/div>\n\t\t\t\t\t<\/div>\n\t\t<\/div>\n\t\t\t\t\t\t\t<\/div>\n\t\t<\/section>\n\t\t\t\t<section class=\"elementor-section elementor-top-section elementor-element elementor-element-843fe18 elementor-section-boxed elementor-section-height-default elementor-section-height-default\" data-id=\"843fe18\" data-element_type=\"section\">\n\t\t\t\t\t\t<div class=\"elementor-container elementor-column-gap-default\">\n\t\t\t\t\t<div class=\"elementor-column elementor-col-100 elementor-top-column elementor-element elementor-element-9055587\" data-id=\"9055587\" data-element_type=\"column\">\n\t\t\t<div class=\"elementor-widget-wrap elementor-element-populated\">\n\t\t\t\t\t\t\t\t<div class=\"elementor-element elementor-element-1e1b9d9 elementor-widget elementor-widget-text-editor\" data-id=\"1e1b9d9\" data-element_type=\"widget\" data-widget_type=\"text-editor.default\">\n\t\t\t\t<div class=\"elementor-widget-container\">\n\t\t\t\t\t\t\t<p><strong>Abstract<\/strong><\/p><p>The B&amp;D Committee membership includes all participating international study groups. It provides a bridge between the other I-BFM Committees in terms of integration of technical developments, collaborative studies to determine the clinical and prognostic relevance of novel genetic abnormalities in childhood leukaemia and lymphoma. This Committee is most closely aligned with the Genetic Variation, Acute Lymphoblastic Leukaemia, Acute Myeloid Leukaemia and Resistant Disease Committees, with which joint and overlapping meetings are carried out. There has been major focus over the years on studies of minimal residual disease (MRD) and validation of new technologies for their integration into clinical practice.<\/p><p><strong>\u00a0<\/strong><\/p><p><strong>Scientific aims<\/strong><\/p><ul><li>to validate the clinical and prognostic relevance of new genetic subtypes of childhood leukaemia and lymphoma<\/li><li>to explore the relevance of biological factors in these diseases<\/li><li>to explore biological studies in relation to improving therapies for these diseases<\/li><li>to validate emerging new technologies in the field for clinical application<\/li><\/ul><p><strong>\u00a0<\/strong><\/p><p><strong>B&amp;D Committee ongoing collaborative studies<\/strong>:<\/p><p>IGH translocation partners (coordinated by L. Russell)<\/p><p>Down syndrome ALL Registry (coordinated by M. Den Boer and S. Izraeli)<\/p><p>ETV6::RUNX1-like ALL (coordinated by M.Zaliova)<\/p><p>NUTM1 and other non-MLL Infant-ALL (coordinated by G. Cazzaniga and J. Boer)\u00a0<\/p><p>TP53 in hypodiploid ALL (coordinated by G. Cazzaniga)<\/p><p>Harmony (coordinated by A. Moorman)<\/p><p>Consensus diagnostic approaches for clinically actionable genetic abnormalities in ALL (coordinated by C. Harrison)<\/p><p><strong>Selected collaborative publications of the BD members <\/strong><\/p><p><a href=\"https:\/\/www.ncbi.nlm.nih.gov\/pubmed\/29498923\">IKZF1<sub>plus<\/sub>\u00a0Defines a New Minimal Residual Disease-Dependent Very-Poor Prognostic Profile in Pediatric B-Cell Precursor Acute Lymphoblastic Leukemia.<\/a><\/p><p>Stanulla M, Dagdan E, Zaliova M, M\u00f6ricke A, Palmi C, Cazzaniga G, Eckert C, Te Kronnie G, Bourquin JP, Bornhauser B, Koehler R, Bartram CR, Ludwig WD, Bleckmann K, Groeneveld-Krentz S, Schewe D, Junk SV, Hinze L, Klein N, Kratz CP, Biondi A, Borkhardt A, Kulozik A, Muckenthaler MU, Basso G, Valsecchi MG, Izraeli S, Petersen BS, Franke A, D\u00f6rge P, Steinemann D, Haas OA, Panzer-Gr\u00fcmayer R, Cav\u00e9 H, Houlston RS, Cario G, Schrappe M, Zimmermann M; TRANSCALL Consortium; International BFM Study Group. J Clin Oncol. 2018 Apr 20;36(12):1240-1249.<\/p><p>International cooperative study identifies treatment strategy in childhood<\/p><p>ambiguous lineage leukemia<\/p><p>Hrusak O, De Haas V, Stancikova J, Vakrmanova B, Janotova I, Mejstrikova E, Capek V, Trka J, Zaliova M, Luka V, Bleckmann K, M\u00f6ricke A, Irving J, Konatkowska B, Alexander TB, Inaba H, Schmiegelow K, Stokley S, Zemanova Z,\u00a0 Moorman AV, Rossi AG, Felice MS, Dalla-Pozza L, Morales J, Dworzak M, Buldini B, Basso G, Campbell M, Cabrera ME, Marinov N, Elitzur S, Izraeli S, Luria D, Feuerstein T, Kolenova A, Svec P, Kreminska O, Rabin KR, Polychronopoulou S, da Costa E, Marquart HV, Kattamis A, Ratei R, Reinhardt D, Choi JK, Schrappe M, Stary J. Blood (in press)<\/p><p><a href=\"https:\/\/www.ncbi.nlm.nih.gov\/pubmed\/29296789\">Intragenic amplification of\u00a0PAX5: a novel subgroup in B-cell precursor acute lymphoblastic leukemia?<\/a><\/p><p>Schwab C, Nebral K, Chilton L, Leschi C, Waanders E, Boer JM, \u017daliov\u00e1 M, Sutton R, \u00d6fverholm II, Ohki K, Yamashita Y, Groeneveld-Krentz S, Fro\u0148kov\u00e1 E, Bakkus M, Tchinda J, Barbosa TDC, Fazio G, Mlynarski W, Pastorczak A, Cazzaniga G, Pombo-de-Oliveira MS, Trka J, Kirschner-Schwabe R, Imamura T, Barbany G,\u00a0Stanulla M, Attarbaschi A, Panzer-Gr\u00fcmayer R, Kuiper RP, den Boer ML, Cav\u00e9 H, Moorman AV, Harrison CJ, Strehl S. on behalf of International BFM Study Group. Blood Adv. 2017 Aug 14;1(19):1473-1477.<\/p><p><a href=\"https:\/\/www.ncbi.nlm.nih.gov\/pubmed\/28701730\">The MLL recombinome of acute leukemias in 2017.<\/a><\/p><p>Meyer C, Burmeister T, Gr\u00f6ger D, Tsaur G, Fechina L, Renneville A, Sutton R, Venn NC, Emerenciano M, Pombo-de-Oliveira MS, Barbieri Blunck C, Almeida Lopes B, Zuna J, Trka J, Ballerini P, Lapillonne H, De Braekeleer M,\u00a0Cazzaniga G, Corral Abascal L, van der Velden VHJ, Delabesse E, Park TS, Oh SH, Silva MLM, Lund-Aho T, Juvonen V, Moore AS, Heidenreich O, Vormoor J, Zerkalenkova E, Olshanskaya Y, Bueno C, Menendez P, Teigler-Schlegel A, Zur Stadt U, Lentes J, G\u00f6hring G, Kustanovich A, Aleinikova O, Sch\u00e4fer BW, Kubetzko S, Madsen HO, Gruhn B, Duarte X, Gameiro P, Lippert E, Bidet A, Cayuela JM, Clappier E, Alonso CN, Zwaan CM, van den Heuvel-Eibrink MM, Izraeli S, Trakhtenbrot L, Archer P, Hancock J, M\u00f6ricke A, Alten J, Schrappe M, Stanulla M, Strehl S, Attarbaschi A, Dworzak M, Haas OA, Panzer-Gr\u00fcmayer R, Sed\u00e9k L, Szczepa\u0144ski T, Caye A, Suarez L, Cav\u00e9 H, Marschalek R. Leukemia. 2018 Feb;32(2):273-284<\/p><p><a href=\"https:\/\/www.ncbi.nlm.nih.gov\/pubmed\/29079599\">Predictive value of minimal residual disease in Philadelphia-chromosome-positive acute lymphoblastic leukemia treated with imatinib in the European intergroup study of post-induction treatment of Philadelphia-chromosome-positive acute lymphoblastic leukemia, based on immunoglobulin\/T-cell receptor and BCR\/ABL1 methodologies.<\/a><\/p><p>Cazzaniga G, De Lorenzo P, Alten J, R\u00f6ttgers S, Hancock J, Saha V, Castor A, Madsen HO, Gandemer V, Cav\u00e9 H, Leoni V, K\u00f6hler R, Ferrari GM, Bleckmann K, Pieters R, van der Velden V, Stary J, Zuna J, Escherich G, Stadt UZ, Aric\u00f2 M, Conter V, Schrappe M, Valsecchi MG, Biondi A. Haematologica. 2018 Jan;103(1):107-115.<\/p><p><a href=\"https:\/\/www.ncbi.nlm.nih.gov\/pubmed\/28415578\">High expression of miR-125b-2 and SNORD116 noncoding RNA clusters characterize ERG-related B cell precursor acute lymphoblastic leukemia.<\/a><\/p><p>Vendramini E, Giordan M, Giarin E, Michielotto B, Fazio G,\u00a0Cazzaniga G, Biondi A, Silvestri D, Valsecchi MG, Muckenthaler MU, Kulozik AE, Gattei V, Izraeli S, Basso G, Te Kronnie G.<\/p><p>Oncotarget. 2017 Jun 27;8(26):42398-42413.<\/p><p><a href=\"https:\/\/www.ncbi.nlm.nih.gov\/pubmed\/28461505\">Suppressors and activators of JAK-STAT signaling at diagnosis and relapse of acute lymphoblastic leukemia in Down syndrome.<\/a><\/p><p>Schwartzman O, Savino AM, Gombert M, Palmi C, Cario G, Schrappe M, Eckert C, von Stackelberg A, Huang JY, Hameiri-Grossman M, Avigad S, Te Kronnie G, Geron I, Birger Y, Rein A, Zarfati G, Fischer U, Mukamel Z, Stanulla M, Biondi A,\u00a0Cazzaniga G, Vetere A, Wagner BK, Chen Z, Chen SJ, Tanay A, Borkhardt A, Izraeli S.<\/p><p>Proc Natl Acad Sci U S A. 2017 May 16;114(20):E4030-E4039.<\/p><p>Minimal residual disease in BCR::ABL1-positive acute lymphoblastic leukemia: different significance in typical ALL and in CML-like disease<strong>\u00a0 <\/strong><a href=\"https:\/\/pubmed.ncbi.nlm.nih.gov\/?term=Zuna+J&amp;cauthor_id=35933523\">Jan Zuna<\/a>,\u00a0<a href=\"https:\/\/pubmed.ncbi.nlm.nih.gov\/?term=Hovorkova+L&amp;cauthor_id=35933523\">Lenka Hovorkova<\/a>,\u00a0<a href=\"https:\/\/pubmed.ncbi.nlm.nih.gov\/?term=Krotka+J&amp;cauthor_id=35933523\">Justina Krotka<\/a>,\u00a0<a href=\"https:\/\/pubmed.ncbi.nlm.nih.gov\/?term=Koehrmann+A&amp;cauthor_id=35933523\">Amelie Koehrmann<\/a>,\u00a0<a href=\"https:\/\/pubmed.ncbi.nlm.nih.gov\/?term=Bardini+M&amp;cauthor_id=35933523\">Michela Bardini<\/a>,\u00a0<a href=\"https:\/\/pubmed.ncbi.nlm.nih.gov\/?term=Winkowska+L&amp;cauthor_id=35933523\">Lucie Winkowska<\/a>,\u00a0<a href=\"https:\/\/pubmed.ncbi.nlm.nih.gov\/?term=Fronkova+E&amp;cauthor_id=35933523\">Eva Fronkova<\/a>\u00a0,\u00a0<a href=\"https:\/\/pubmed.ncbi.nlm.nih.gov\/?term=Alten+J&amp;cauthor_id=35933523\">Julia Alten<\/a>,\u00a0<a href=\"https:\/\/pubmed.ncbi.nlm.nih.gov\/?term=Koehler+R&amp;cauthor_id=35933523\">Rolf Koehler<\/a>,\u00a0<a href=\"https:\/\/pubmed.ncbi.nlm.nih.gov\/?term=Eckert+C&amp;cauthor_id=35933523\">Cornelia Eckert<\/a>,\u00a0<a href=\"https:\/\/pubmed.ncbi.nlm.nih.gov\/?term=Brizzolara+L&amp;cauthor_id=35933523\">Lisa Brizzolara<\/a>,\u00a0<a href=\"https:\/\/pubmed.ncbi.nlm.nih.gov\/?term=Trkova+M&amp;cauthor_id=35933523\">Marie Trkova<\/a>,\u00a0<a href=\"https:\/\/pubmed.ncbi.nlm.nih.gov\/?term=Stuchly+J&amp;cauthor_id=35933523\">Jan Stuchly<\/a>\u00a0,\u00a0<a href=\"https:\/\/pubmed.ncbi.nlm.nih.gov\/?term=Zimmermann+M&amp;cauthor_id=35933523\">Martin Zimmermann<\/a>,\u00a0<a href=\"https:\/\/pubmed.ncbi.nlm.nih.gov\/?term=De+Lorenzo+P&amp;cauthor_id=35933523\">Paola De Lorenzo<\/a>,\u00a0<a href=\"https:\/\/pubmed.ncbi.nlm.nih.gov\/?term=Valsecchi+MG&amp;cauthor_id=35933523\">Maria Grazia Valsecchi<\/a>,\u00a0<a href=\"https:\/\/pubmed.ncbi.nlm.nih.gov\/?term=Conter+V&amp;cauthor_id=35933523\">Valentino Conter<\/a>,\u00a0<a href=\"https:\/\/pubmed.ncbi.nlm.nih.gov\/?term=Stary+J&amp;cauthor_id=35933523\">Jan Stary<\/a>,\u00a0<a href=\"https:\/\/pubmed.ncbi.nlm.nih.gov\/?term=Schrappe+M&amp;cauthor_id=35933523\">Martin Schrappe<\/a>,\u00a0<a href=\"https:\/\/pubmed.ncbi.nlm.nih.gov\/?term=Biondi+A&amp;cauthor_id=35933523\">Andrea Biondi<\/a>,\u00a0<a href=\"https:\/\/pubmed.ncbi.nlm.nih.gov\/?term=Trka+J&amp;cauthor_id=35933523\">Jan Trka<\/a>,\u00a0<a href=\"https:\/\/pubmed.ncbi.nlm.nih.gov\/?term=Zaliova+M&amp;cauthor_id=35933523\">Marketa Zaliova<\/a>,\u00a0<a href=\"https:\/\/pubmed.ncbi.nlm.nih.gov\/?term=Cazzaniga+G&amp;cauthor_id=35933523\">Giovanni Cazzaniga<\/a>,\u00a0<a href=\"https:\/\/pubmed.ncbi.nlm.nih.gov\/?term=Cario+G&amp;cauthor_id=35933523\">Gunnar Cario<\/a> (2022)<\/p><p><strong>\u00a0<\/strong><\/p><p>Clinical characteristics and outcomes of B-cell precursor ALL with MEF2D rearrangements: a retrospective study by the Ponte di Legno Childhood ALL Working Group. Ohki, K., Butler, E.R., Kiyokawa, N., Hirabayashi, S., Bergmann, A.K., M\u00f6ricke, A., Boer, J.M., Cav\u00e9, H., Cazzaniga, G., Yeoh, A.E.J., Sanada, M., Imamura, T., Inaba, H., Mullighan, C.G., Loh, M.L., Nor\u00e9n-Nystr\u00f6m, U., Shih, L-Y., Zaliova, M., Pui, C-H., Haas, O.A., Harrison, C.J., Moorman, A.V., Manabe, A. (2023) Leukemia (in press)<\/p><p>Clinical characteristics and outcomes of B-ALL with ZNF384 rearrangements: A retrospective analysis by the Ponte di Legno Childhood ALL Working Group. Hirabayashi, S., Butler, E., Ohki, K., Kiyokawa, N., Bergmann, A., Moericke, A., Boer, J., Cav\u00e9, H., Cazzaniga, G., Yeoh, A., Sanada, M., Imamura, T., Inaba, H., Mullighan, C., Loh, M., Nor\u00e9n-Nystr\u00f6m, U., Pastorczak, A., Shih, L-H., Zaliova, M., Pui, C-H., Haas, O., Harrison, C.J., Moorman, A.V., Manabe, A. (2021) Leukemia 35(11):3272-3277<\/p>\t\t\t\t\t\t<\/div>\n\t\t\t\t<\/div>\n\t\t\t\t\t<\/div>\n\t\t<\/div>\n\t\t\t\t\t\t\t<\/div>\n\t\t<\/section>\n\t\t\t\t\t\t\t<\/div>\n\t\t","protected":false},"excerpt":{"rendered":"<p>BIOLOGY AND DIAGNOSIS COMMITTEE (B&amp;D) Committee chair Christine Harrison, Newcastle University, UK Abstract The B&amp;D Committee membership includes all participating international study groups. It provides a bridge between the other I-BFM Committees in terms of integration of technical developments, collaborative studies to determine the clinical and prognostic relevance of novel genetic abnormalities in childhood leukaemia [&hellip;]<\/p>\n","protected":false},"author":1,"featured_media":0,"parent":225,"menu_order":0,"comment_status":"closed","ping_status":"closed","template":"","meta":{"footnotes":""},"class_list":["post-274","page","type-page","status-publish","hentry"],"_links":{"self":[{"href":"https:\/\/fastllama.pl\/klient\/ibfm\/wp-json\/wp\/v2\/pages\/274","targetHints":{"allow":["GET"]}}],"collection":[{"href":"https:\/\/fastllama.pl\/klient\/ibfm\/wp-json\/wp\/v2\/pages"}],"about":[{"href":"https:\/\/fastllama.pl\/klient\/ibfm\/wp-json\/wp\/v2\/types\/page"}],"author":[{"embeddable":true,"href":"https:\/\/fastllama.pl\/klient\/ibfm\/wp-json\/wp\/v2\/users\/1"}],"replies":[{"embeddable":true,"href":"https:\/\/fastllama.pl\/klient\/ibfm\/wp-json\/wp\/v2\/comments?post=274"}],"version-history":[{"count":8,"href":"https:\/\/fastllama.pl\/klient\/ibfm\/wp-json\/wp\/v2\/pages\/274\/revisions"}],"predecessor-version":[{"id":543,"href":"https:\/\/fastllama.pl\/klient\/ibfm\/wp-json\/wp\/v2\/pages\/274\/revisions\/543"}],"up":[{"embeddable":true,"href":"https:\/\/fastllama.pl\/klient\/ibfm\/wp-json\/wp\/v2\/pages\/225"}],"wp:attachment":[{"href":"https:\/\/fastllama.pl\/klient\/ibfm\/wp-json\/wp\/v2\/media?parent=274"}],"curies":[{"name":"wp","href":"https:\/\/api.w.org\/{rel}","templated":true}]}}